{"id":5481,"date":"2024-04-19T17:14:27","date_gmt":"2024-04-19T15:14:27","guid":{"rendered":"https:\/\/vignettealsace.com\/chambres\/"},"modified":"2024-10-15T01:40:54","modified_gmt":"2024-10-14T23:40:54","slug":"zimmer","status":"publish","type":"page","link":"https:\/\/vignettealsace.com\/de\/hotel\/zimmer\/","title":{"rendered":"Zimmer"},"content":{"rendered":"<div class=\"wpb-content-wrapper\"><p>[vc_row _et_uniqid=&#8220;et_custom_uniqid_new_66244fd9983dd&#8220;][vc_column][vc_column_text css=&#8220;&#8220;]<\/p>\n<h2 style=\"text-align: center;\">Ein Hotel mit els\u00e4ssischem Charme<\/h2>\n<h4 style=\"text-align: center;\">Ein perfekter Ort, um sich im Herzen des Elsass zu erholen, an der Weinstra\u00dfe, am Fu\u00dfe von Haut-Koenigsbourg, zwischen Stra\u00dfburg, Ribeauvill\u00e9 und Colmar.<br \/>\n<strong>Buchen Sie direkt bei uns, um die besten Preise zu garantieren und bis zu 10 \u20ac pro Tag zu sparen.<\/strong><\/h4>\n<p>[\/vc_column_text]        <link rel=\"stylesheet\" href=\"https:\/\/vignettealsace.com\/wp-content\/themes\/xstore\/css\/modules\/woocommerce\/global.min.css?ver=1.0\" type=\"text\/css\" media=\"all\" \/> \t\t        <link rel=\"stylesheet\" href=\"https:\/\/vignettealsace.com\/wp-content\/themes\/xstore\/css\/modules\/woocommerce\/archive.min.css?ver=1.0\" type=\"text\/css\" media=\"all\" \/> \t\t        <link rel=\"stylesheet\" href=\"https:\/\/vignettealsace.com\/wp-content\/themes\/xstore\/css\/modules\/woocommerce\/product-hovers\/product-view-default.min.css?ver=1.0\" type=\"text\/css\" media=\"all\" \/> \t\t<div class=\"etheme_products etheme_products-r235 \" >\t\t\t\t        <link rel=\"stylesheet\" href=\"https:\/\/vignettealsace.com\/wp-content\/themes\/xstore\/css\/modules\/woocommerce\/archive.min.css?ver=1.0\" type=\"text\/css\" media=\"all\" \/> \t\t        <link rel=\"stylesheet\" href=\"https:\/\/vignettealsace.com\/wp-content\/themes\/xstore\/css\/modules\/woocommerce\/product-hovers\/product-view-default.min.css?ver=1.0\" type=\"text\/css\" media=\"all\" \/> \t\t<div class=\"row products products-loop products-grid row-count-2 products-hover-shadow\" data-row-count=\"2\">\r\n\r\n\t\t\t\t\r\n\t\t\t\t\t\t\t\t\t\r\n\t\t\t\t\t \t<div class=\"first grid-sizer wishlist-disabled col-md-6 col-sm-6 col-xs-6 product-hover-slider product-view-default view-color-white arrows-hovered et_cart-on product type-product post-5410 status-publish last instock product_cat-zimmer has-post-thumbnail shipping-taxable product-type-external\">\r\n        \t\t<div class=\"content-product \">\r\n\t\t\t\r\n\t\t\t\r\n\t\t\t\t<div class=\"product-image-wrapper hover-effect-slider\"\r\n                    >\r\n\r\n\t\t\t\t\t\t\t\t\t\t<div class=\"images-slider-wrapper\">                        <a class=\"product-content-image woocommerce-LoopProduct-link woocommerce-loop-product__link\" href=\"https:\/\/vignettealsace.com\/de\/produit\/einzelzimmer\/\"\r\n                           data-images=\"https:\/\/vignettealsace.com\/wp-content\/uploads\/2024\/07\/Vignette_chambre-24_02_BD-600x400.jpg;https:\/\/vignettealsace.com\/wp-content\/uploads\/2024\/04\/a-la-vignette-hotel-restaurant-alsace-37733-600x400.jpg;https:\/\/vignettealsace.com\/wp-content\/uploads\/2024\/07\/Vignette_chambre-24_02_BD-600x400.jpg;https:\/\/vignettealsace.com\/wp-content\/uploads\/2024\/07\/Vignette_chambre-24_03_BD-600x400.jpg;https:\/\/vignettealsace.com\/wp-content\/uploads\/2024\/07\/Vignette_chambre-24_01_BD-600x400.jpg;https:\/\/vignettealsace.com\/wp-content\/uploads\/2024\/07\/Vignette_chambre-24_04_BD-600x400.jpg;https:\/\/vignettealsace.com\/wp-content\/uploads\/2024\/07\/Vignette_chambre-24_08_BD-600x400.jpg\"\r\n                        >\r\n                            <img decoding=\"async\" width=\"600\" height=\"400\" src=\"https:\/\/vignettealsace.com\/wp-content\/uploads\/2024\/07\/Vignette_chambre-24_02_BD-600x400.jpg\" class=\"attachment-woocommerce_single size-woocommerce_single\" alt=\"Einzelzimmer\" srcset=\"https:\/\/vignettealsace.com\/wp-content\/uploads\/2024\/07\/Vignette_chambre-24_02_BD-600x400.jpg 600w, https:\/\/vignettealsace.com\/wp-content\/uploads\/2024\/07\/Vignette_chambre-24_02_BD-300x200.jpg 300w, https:\/\/vignettealsace.com\/wp-content\/uploads\/2024\/07\/Vignette_chambre-24_02_BD-1024x683.jpg 1024w, https:\/\/vignettealsace.com\/wp-content\/uploads\/2024\/07\/Vignette_chambre-24_02_BD-768x512.jpg 768w, https:\/\/vignettealsace.com\/wp-content\/uploads\/2024\/07\/Vignette_chambre-24_02_BD-1536x1025.jpg 1536w, https:\/\/vignettealsace.com\/wp-content\/uploads\/2024\/07\/Vignette_chambre-24_02_BD-2048x1367.jpg 2048w, https:\/\/vignettealsace.com\/wp-content\/uploads\/2024\/07\/Vignette_chambre-24_02_BD-1x1.jpg 1w, https:\/\/vignettealsace.com\/wp-content\/uploads\/2024\/07\/Vignette_chambre-24_02_BD-10x7.jpg 10w\" sizes=\"(max-width: 600px) 100vw, 600px\" \/>                        <\/a>\r\n\t\t\t\t\t<\/div>\t\t\t\t\t\t<footer class=\"footer-product\">\r\n                            \t\t\t\t\t\t\t\t\t<span class=\"show-quickly\" data-prodid=\"5410\">Schnellansicht<\/span>\r\n\t\t\t\t\t\t\t\t                            \t\t\t\t\t\t<\/footer>\r\n\t\t\t\t\t\t\t\t\t<\/div>\r\n\r\n\t\t\t\t\r\n\t\t\t\t\t<div class=\"text-center product-details\"><div class=\"products-page-cats\"><a href=\"https:\/\/vignettealsace.com\/de\/produkt-kategorie\/zimmer\/\" rel=\"tag\">Zimmer<\/a><\/div>\t\t\t\t\t\t\t<h2 class=\"product-title\">\r\n\t\t\t\t\t\t\t\t<a href=\"https:\/\/vignettealsace.com\/de\/produit\/einzelzimmer\/\">Einzelzimmer<\/a>\r\n                            <\/h2>\r\n\t\t\t\t\t\t\n\r\n\t\t\t\t\t\t<\/a><a href=\"https:\/\/www.secure-hotel-booking.com\/smart\/Hotel-A-la-Vignette\/J18N\/de\/\" rel=\"nofollow\" data-product_id=\"5410\" data-product_sku=\"\" class=\"button  product_type_external\">BUCHEN<\/a>\r\n                        \r\n                                        <\/div>\r\n\t\t\t\t\t\t\t\t\t         \t\t<\/div><!-- .content-product -->\r\n\t<\/div>\r\n\r\n\t\t\t\t\r\n\t\t\t\t\t\t\t\t\t\r\n\t\t\t\t\t \t<div class=\"first grid-sizer wishlist-disabled col-md-6 col-sm-6 col-xs-6 product-hover-slider product-view-default view-color-white arrows-hovered et_cart-on product type-product post-5415 status-publish last instock product_cat-zimmer has-post-thumbnail shipping-taxable product-type-external\">\r\n        \t\t<div class=\"content-product \">\r\n\t\t\t\r\n\t\t\t\r\n\t\t\t\t<div class=\"product-image-wrapper hover-effect-slider\"\r\n                    >\r\n\r\n\t\t\t\t\t\t\t\t\t\t<div class=\"images-slider-wrapper\">                        <a class=\"product-content-image woocommerce-LoopProduct-link woocommerce-loop-product__link\" href=\"https:\/\/vignettealsace.com\/de\/produit\/komfort\/\"\r\n                           data-images=\"https:\/\/vignettealsace.com\/wp-content\/uploads\/2024\/10\/Vignette_chambre-37_02-BD-600x400.jpg;https:\/\/vignettealsace.com\/wp-content\/uploads\/2024\/10\/Vignette_chambre-37_02-BD-600x400.jpg;https:\/\/vignettealsace.com\/wp-content\/uploads\/2024\/04\/a-la-vignette-hotel-s2-600x400.jpg;https:\/\/vignettealsace.com\/wp-content\/uploads\/2024\/04\/a-la-vignette-hotel-s1-600x400.jpg;https:\/\/vignettealsace.com\/wp-content\/uploads\/2024\/07\/photo-facade-hotel-alsace-600x400.jpg\"\r\n                        >\r\n                            <img decoding=\"async\" width=\"600\" height=\"400\" src=\"https:\/\/vignettealsace.com\/wp-content\/uploads\/2024\/10\/Vignette_chambre-37_02-BD-600x400.jpg\" class=\"attachment-woocommerce_single size-woocommerce_single\" alt=\"Doppelzimmer - Komfort\" srcset=\"https:\/\/vignettealsace.com\/wp-content\/uploads\/2024\/10\/Vignette_chambre-37_02-BD-600x400.jpg 600w, https:\/\/vignettealsace.com\/wp-content\/uploads\/2024\/10\/Vignette_chambre-37_02-BD-300x200.jpg 300w, https:\/\/vignettealsace.com\/wp-content\/uploads\/2024\/10\/Vignette_chambre-37_02-BD-1024x683.jpg 1024w, https:\/\/vignettealsace.com\/wp-content\/uploads\/2024\/10\/Vignette_chambre-37_02-BD-768x512.jpg 768w, https:\/\/vignettealsace.com\/wp-content\/uploads\/2024\/10\/Vignette_chambre-37_02-BD-1536x1024.jpg 1536w, https:\/\/vignettealsace.com\/wp-content\/uploads\/2024\/10\/Vignette_chambre-37_02-BD-2048x1366.jpg 2048w, https:\/\/vignettealsace.com\/wp-content\/uploads\/2024\/10\/Vignette_chambre-37_02-BD-1x1.jpg 1w, https:\/\/vignettealsace.com\/wp-content\/uploads\/2024\/10\/Vignette_chambre-37_02-BD-10x7.jpg 10w\" sizes=\"(max-width: 600px) 100vw, 600px\" \/>                        <\/a>\r\n\t\t\t\t\t<\/div>\t\t\t\t\t\t<footer class=\"footer-product\">\r\n                            \t\t\t\t\t\t\t\t\t<span class=\"show-quickly\" data-prodid=\"5415\">Schnellansicht<\/span>\r\n\t\t\t\t\t\t\t\t                            \t\t\t\t\t\t<\/footer>\r\n\t\t\t\t\t\t\t\t\t<\/div>\r\n\r\n\t\t\t\t\r\n\t\t\t\t\t<div class=\"text-center product-details\"><div class=\"products-page-cats\"><a href=\"https:\/\/vignettealsace.com\/de\/produkt-kategorie\/zimmer\/\" rel=\"tag\">Zimmer<\/a><\/div>\t\t\t\t\t\t\t<h2 class=\"product-title\">\r\n\t\t\t\t\t\t\t\t<a href=\"https:\/\/vignettealsace.com\/de\/produit\/komfort\/\">Doppelzimmer &#8211; Komfort<\/a>\r\n                            <\/h2>\r\n\t\t\t\t\t\t\n\r\n\t\t\t\t\t\t<\/a><a href=\"https:\/\/www.secure-hotel-booking.com\/smart\/Hotel-A-la-Vignette\/J18N\/de\/\" rel=\"nofollow\" data-product_id=\"5415\" data-product_sku=\"\" class=\"button  product_type_external\">BUCHEN<\/a>\r\n                        \r\n                                        <\/div>\r\n\t\t\t\t\t\t\t\t\t         \t\t<\/div><!-- .content-product -->\r\n\t<\/div>\r\n\r\n\t\t\t\t\r\n\t\t\t\t\t\t\t\t\t\r\n\t\t\t\t\t \t<div class=\"first grid-sizer wishlist-disabled col-md-6 col-sm-6 col-xs-6 product-hover-slider product-view-default view-color-white arrows-hovered et_cart-on product type-product post-5421 status-publish last instock product_cat-zimmer has-post-thumbnail shipping-taxable product-type-external\">\r\n        \t\t<div class=\"content-product \">\r\n\t\t\t\r\n\t\t\t\r\n\t\t\t\t<div class=\"product-image-wrapper hover-effect-slider\"\r\n                    >\r\n\r\n\t\t\t\t\t\t\t\t\t\t<div class=\"images-slider-wrapper\">                        <a class=\"product-content-image woocommerce-LoopProduct-link woocommerce-loop-product__link\" href=\"https:\/\/vignettealsace.com\/de\/produit\/deluxe\/\"\r\n                           data-images=\"https:\/\/vignettealsace.com\/wp-content\/uploads\/2024\/04\/s22-600x400.webp;https:\/\/vignettealsace.com\/wp-content\/uploads\/2024\/04\/a-la-vignette-hotel-restaurant-alsace-37733-600x400.jpg\"\r\n                        >\r\n                            <img decoding=\"async\" width=\"600\" height=\"400\" src=\"https:\/\/vignettealsace.com\/wp-content\/uploads\/2024\/04\/s22-600x400.webp\" class=\"attachment-woocommerce_single size-woocommerce_single\" alt=\"Doppelzimmer - Deluxe\" srcset=\"https:\/\/vignettealsace.com\/wp-content\/uploads\/2024\/04\/s22-600x400.webp 600w, https:\/\/vignettealsace.com\/wp-content\/uploads\/2024\/04\/s22-300x200.webp 300w, https:\/\/vignettealsace.com\/wp-content\/uploads\/2024\/04\/s22-1024x683.webp 1024w, https:\/\/vignettealsace.com\/wp-content\/uploads\/2024\/04\/s22-768x512.webp 768w, https:\/\/vignettealsace.com\/wp-content\/uploads\/2024\/04\/s22-1536x1024.webp 1536w, https:\/\/vignettealsace.com\/wp-content\/uploads\/2024\/04\/s22-1x1.webp 1w, https:\/\/vignettealsace.com\/wp-content\/uploads\/2024\/04\/s22-10x7.webp 10w, https:\/\/vignettealsace.com\/wp-content\/uploads\/2024\/04\/s22.webp 1920w\" sizes=\"(max-width: 600px) 100vw, 600px\" \/>                        <\/a>\r\n\t\t\t\t\t<\/div>\t\t\t\t\t\t<footer class=\"footer-product\">\r\n                            \t\t\t\t\t\t\t\t\t<span class=\"show-quickly\" data-prodid=\"5421\">Schnellansicht<\/span>\r\n\t\t\t\t\t\t\t\t                            \t\t\t\t\t\t<\/footer>\r\n\t\t\t\t\t\t\t\t\t<\/div>\r\n\r\n\t\t\t\t\r\n\t\t\t\t\t<div class=\"text-center product-details\"><div class=\"products-page-cats\"><a href=\"https:\/\/vignettealsace.com\/de\/produkt-kategorie\/zimmer\/\" rel=\"tag\">Zimmer<\/a><\/div>\t\t\t\t\t\t\t<h2 class=\"product-title\">\r\n\t\t\t\t\t\t\t\t<a href=\"https:\/\/vignettealsace.com\/de\/produit\/deluxe\/\">Doppelzimmer &#8211; Deluxe<\/a>\r\n                            <\/h2>\r\n\t\t\t\t\t\t\n\r\n\t\t\t\t\t\t<\/a><a href=\"https:\/\/www.secure-hotel-booking.com\/smart\/Hotel-A-la-Vignette\/J18N\/de\/\" rel=\"nofollow\" data-product_id=\"5421\" data-product_sku=\"\" class=\"button  product_type_external\">BUCHEN<\/a>\r\n                        \r\n                                        <\/div>\r\n\t\t\t\t\t\t\t\t\t         \t\t<\/div><!-- .content-product -->\r\n\t<\/div>\r\n\r\n\t\t\t\t\r\n\t\t\t\t\t\t\t\t\t\r\n\t\t\t\t\t \t<div class=\"first grid-sizer wishlist-disabled col-md-6 col-sm-6 col-xs-6 product-hover-slider product-view-default view-color-white arrows-hovered et_cart-on product type-product post-5430 status-publish last instock product_cat-zimmer has-post-thumbnail shipping-taxable product-type-external\">\r\n        \t\t<div class=\"content-product \">\r\n\t\t\t\r\n\t\t\t\r\n\t\t\t\t<div class=\"product-image-wrapper hover-effect-slider\"\r\n                    >\r\n\r\n\t\t\t\t\t\t\t\t\t\t<div class=\"images-slider-wrapper\">                        <a class=\"product-content-image woocommerce-LoopProduct-link woocommerce-loop-product__link\" href=\"https:\/\/vignettealsace.com\/de\/produit\/deluxe-mit-balkon\/\"\r\n                           data-images=\"https:\/\/vignettealsace.com\/wp-content\/uploads\/2024\/04\/a-la-vignette-hotel-restaurant-alsace-33953-600x400.jpg;https:\/\/vignettealsace.com\/wp-content\/uploads\/2024\/04\/a-la-vignette-hotel-restaurant-alsace-33954-600x400.jpg\"\r\n                        >\r\n                            <img decoding=\"async\" width=\"600\" height=\"400\" src=\"https:\/\/vignettealsace.com\/wp-content\/uploads\/2024\/04\/a-la-vignette-hotel-restaurant-alsace-33953-600x400.jpg\" class=\"attachment-woocommerce_single size-woocommerce_single\" alt=\"Doppelzimmer - Deluxe mit Balkon\" srcset=\"https:\/\/vignettealsace.com\/wp-content\/uploads\/2024\/04\/a-la-vignette-hotel-restaurant-alsace-33953-600x400.jpg 600w, https:\/\/vignettealsace.com\/wp-content\/uploads\/2024\/04\/a-la-vignette-hotel-restaurant-alsace-33953-300x200.jpg 300w, https:\/\/vignettealsace.com\/wp-content\/uploads\/2024\/04\/a-la-vignette-hotel-restaurant-alsace-33953-1024x683.jpg 1024w, https:\/\/vignettealsace.com\/wp-content\/uploads\/2024\/04\/a-la-vignette-hotel-restaurant-alsace-33953-768x512.jpg 768w, https:\/\/vignettealsace.com\/wp-content\/uploads\/2024\/04\/a-la-vignette-hotel-restaurant-alsace-33953-1536x1024.jpg 1536w, https:\/\/vignettealsace.com\/wp-content\/uploads\/2024\/04\/a-la-vignette-hotel-restaurant-alsace-33953-1x1.jpg 1w, https:\/\/vignettealsace.com\/wp-content\/uploads\/2024\/04\/a-la-vignette-hotel-restaurant-alsace-33953-10x7.jpg 10w, https:\/\/vignettealsace.com\/wp-content\/uploads\/2024\/04\/a-la-vignette-hotel-restaurant-alsace-33953.jpg 1920w\" sizes=\"(max-width: 600px) 100vw, 600px\" \/>                        <\/a>\r\n\t\t\t\t\t<\/div>\t\t\t\t\t\t<footer class=\"footer-product\">\r\n                            \t\t\t\t\t\t\t\t\t<span class=\"show-quickly\" data-prodid=\"5430\">Schnellansicht<\/span>\r\n\t\t\t\t\t\t\t\t                            \t\t\t\t\t\t<\/footer>\r\n\t\t\t\t\t\t\t\t\t<\/div>\r\n\r\n\t\t\t\t\r\n\t\t\t\t\t<div class=\"text-center product-details\"><div class=\"products-page-cats\"><a href=\"https:\/\/vignettealsace.com\/de\/produkt-kategorie\/zimmer\/\" rel=\"tag\">Zimmer<\/a><\/div>\t\t\t\t\t\t\t<h2 class=\"product-title\">\r\n\t\t\t\t\t\t\t\t<a href=\"https:\/\/vignettealsace.com\/de\/produit\/deluxe-mit-balkon\/\">Doppelzimmer &#8211; Deluxe mit Balkon<\/a>\r\n                            <\/h2>\r\n\t\t\t\t\t\t\n\r\n\t\t\t\t\t\t<\/a><a href=\"https:\/\/www.secure-hotel-booking.com\/smart\/Hotel-A-la-Vignette\/J18N\/de\/\" rel=\"nofollow\" data-product_id=\"5430\" data-product_sku=\"\" class=\"button  product_type_external\">BUCHEN<\/a>\r\n                        \r\n                                        <\/div>\r\n\t\t\t\t\t\t\t\t\t         \t\t<\/div><!-- .content-product -->\r\n\t<\/div>\r\n\r\n\t\t\t\t\r\n\t\t\t\t\t\t\t\t\t\r\n\t\t\t\t\t \t<div class=\"first grid-sizer wishlist-disabled col-md-6 col-sm-6 col-xs-6 product-hover-slider product-view-default view-color-white arrows-hovered et_cart-on product type-product post-5445 status-publish last instock product_cat-zimmer has-post-thumbnail shipping-taxable product-type-external\">\r\n        \t\t<div class=\"content-product \">\r\n\t\t\t\r\n\t\t\t\r\n\t\t\t\t<div class=\"product-image-wrapper hover-effect-slider\"\r\n                    >\r\n\r\n\t\t\t\t\t\t\t\t\t\t<div class=\"images-slider-wrapper\">                        <a class=\"product-content-image woocommerce-LoopProduct-link woocommerce-loop-product__link\" href=\"https:\/\/vignettealsace.com\/de\/produit\/dreibettzimmer\/\"\r\n                           data-images=\"https:\/\/vignettealsace.com\/wp-content\/uploads\/2024\/07\/chambre-triple-hotel-alsace-600x400.jpg;https:\/\/vignettealsace.com\/wp-content\/uploads\/2024\/04\/a-la-vignette-hotel-restaurant-alsace-37733-600x400.jpg\"\r\n                        >\r\n                            <img decoding=\"async\" width=\"600\" height=\"400\" src=\"https:\/\/vignettealsace.com\/wp-content\/uploads\/2024\/07\/chambre-triple-hotel-alsace-600x400.jpg\" class=\"attachment-woocommerce_single size-woocommerce_single\" alt=\"Dreibettzimmer\" srcset=\"https:\/\/vignettealsace.com\/wp-content\/uploads\/2024\/07\/chambre-triple-hotel-alsace-600x400.jpg 600w, https:\/\/vignettealsace.com\/wp-content\/uploads\/2024\/07\/chambre-triple-hotel-alsace-300x200.jpg 300w, https:\/\/vignettealsace.com\/wp-content\/uploads\/2024\/07\/chambre-triple-hotel-alsace-1024x683.jpg 1024w, https:\/\/vignettealsace.com\/wp-content\/uploads\/2024\/07\/chambre-triple-hotel-alsace-768x512.jpg 768w, https:\/\/vignettealsace.com\/wp-content\/uploads\/2024\/07\/chambre-triple-hotel-alsace-1536x1025.jpg 1536w, https:\/\/vignettealsace.com\/wp-content\/uploads\/2024\/07\/chambre-triple-hotel-alsace-2048x1367.jpg 2048w, https:\/\/vignettealsace.com\/wp-content\/uploads\/2024\/07\/chambre-triple-hotel-alsace-1x1.jpg 1w, https:\/\/vignettealsace.com\/wp-content\/uploads\/2024\/07\/chambre-triple-hotel-alsace-10x7.jpg 10w\" sizes=\"(max-width: 600px) 100vw, 600px\" \/>                        <\/a>\r\n\t\t\t\t\t<\/div>\t\t\t\t\t\t<footer class=\"footer-product\">\r\n                            \t\t\t\t\t\t\t\t\t<span class=\"show-quickly\" data-prodid=\"5445\">Schnellansicht<\/span>\r\n\t\t\t\t\t\t\t\t                            \t\t\t\t\t\t<\/footer>\r\n\t\t\t\t\t\t\t\t\t<\/div>\r\n\r\n\t\t\t\t\r\n\t\t\t\t\t<div class=\"text-center product-details\"><div class=\"products-page-cats\"><a href=\"https:\/\/vignettealsace.com\/de\/produkt-kategorie\/zimmer\/\" rel=\"tag\">Zimmer<\/a><\/div>\t\t\t\t\t\t\t<h2 class=\"product-title\">\r\n\t\t\t\t\t\t\t\t<a href=\"https:\/\/vignettealsace.com\/de\/produit\/dreibettzimmer\/\">Dreibettzimmer<\/a>\r\n                            <\/h2>\r\n\t\t\t\t\t\t\n\r\n\t\t\t\t\t\t<\/a><a href=\"https:\/\/www.secure-hotel-booking.com\/smart\/Hotel-A-la-Vignette\/J18N\/de\/\" rel=\"nofollow\" data-product_id=\"5445\" data-product_sku=\"\" class=\"button  product_type_external\">BUCHEN<\/a>\r\n                        \r\n                                        <\/div>\r\n\t\t\t\t\t\t\t\t\t         \t\t<\/div><!-- .content-product -->\r\n\t<\/div>\r\n\r\n\t\t\t\t\r\n\t\t\t\t\t\t\t\t\r\n\t\t\t\t<\/div> <!-- .row -->\t\t\t\t\t<\/div>[\/vc_column][\/vc_row]<\/p>\n<\/div>","protected":false},"excerpt":{"rendered":"<p>[vc_row _et_uniqid=&#8220;et_custom_uniqid_new_66244fd9983dd&#8220;][vc_column][vc_column_text css=&#8220;&#8220;] Ein Hotel mit els\u00e4ssischem Charme Ein perfekter Ort, um sich im Herzen des Elsass zu erholen, an der Weinstra\u00dfe, am Fu\u00dfe von&#8230;<\/p>\n","protected":false},"author":1,"featured_media":0,"parent":5797,"menu_order":1,"comment_status":"closed","ping_status":"closed","template":"","meta":{"_seopress_robots_primary_cat":"","_seopress_titles_title":"Hotel la vignette Saint-Hippolyte -Els\u00e4sser Weinstra\u00dfeae am Fu\u00dfe der Haut Koenigsbourg.","_seopress_titles_desc":"Entdecken Sie unsere Sonderangebote f\u00fcr Ihren Aufenthalt im Elsass hotel la vignette Saint-Hippolyte an der Els\u00e4sser Weinstra\u00dfeae am Fu\u00dfe der Haut Koenigsbourg zwischen, Ribeauvill\u00e9 und Colmar","_seopress_robots_index":"","footnotes":""},"class_list":["post-5481","page","type-page","status-publish","hentry"],"_links":{"self":[{"href":"https:\/\/vignettealsace.com\/de\/wp-json\/wp\/v2\/pages\/5481","targetHints":{"allow":["GET"]}}],"collection":[{"href":"https:\/\/vignettealsace.com\/de\/wp-json\/wp\/v2\/pages"}],"about":[{"href":"https:\/\/vignettealsace.com\/de\/wp-json\/wp\/v2\/types\/page"}],"author":[{"embeddable":true,"href":"https:\/\/vignettealsace.com\/de\/wp-json\/wp\/v2\/users\/1"}],"replies":[{"embeddable":true,"href":"https:\/\/vignettealsace.com\/de\/wp-json\/wp\/v2\/comments?post=5481"}],"version-history":[{"count":5,"href":"https:\/\/vignettealsace.com\/de\/wp-json\/wp\/v2\/pages\/5481\/revisions"}],"predecessor-version":[{"id":6233,"href":"https:\/\/vignettealsace.com\/de\/wp-json\/wp\/v2\/pages\/5481\/revisions\/6233"}],"up":[{"embeddable":true,"href":"https:\/\/vignettealsace.com\/de\/wp-json\/wp\/v2\/pages\/5797"}],"wp:attachment":[{"href":"https:\/\/vignettealsace.com\/de\/wp-json\/wp\/v2\/media?parent=5481"}],"curies":[{"name":"wp","href":"https:\/\/api.w.org\/{rel}","templated":true}]}}