{"id":5843,"date":"2024-04-21T23:30:42","date_gmt":"2024-04-21T21:30:42","guid":{"rendered":"https:\/\/vignettealsace.com\/mentions-legales\/"},"modified":"2024-04-22T01:23:15","modified_gmt":"2024-04-21T23:23:15","slug":"impressum","status":"publish","type":"page","link":"https:\/\/vignettealsace.com\/de\/impressum\/","title":{"rendered":"Impressum"},"content":{"rendered":"<h3 class=\"widget-title\">Vignette Elsass (La Vignette) \u2013 Rechtliche Hinweise<\/h3>\n<p>vignettealsace.com ist Eigentum der Firma Vignette Alsace (La Vignette) (H\u00f4tel Munch), Hauptsitz 66 Route du Vin, 68590 Saint Hippolyte \u2013 Frankreich \u2013 Telefon: 03 89 73 00 09 (Nummer ohne Premium-Tarif) Website: <a href=\"https:\/\/vignettealsace.com\">vignettealsace.com<\/a><br \/>\n<strong>&gt; RCS<\/strong><br \/>\nVignette Elsass (La Vignette) \u201eSAS\u201c<br \/>\nSiret-Nummer:<br \/>\nAPEE:<br \/>\nInnergemeinschaftliche Mehrwertsteuer:<br \/>\n&gt;Sie erreichen unseren Kundenservice rund um die Uhr von 9.00 bis 17.00 Uhr unter 03 89 73 00 09 oder \u00fcber unser Kontaktformular [Assistance Vignette Alsace (La Vignette)]<br \/>\n&gt; Diese Website wird in Frankreich bei 1&amp;1 Internet Chemin des Pardiaux 63000 Clermont-Ferrand gehostet<br \/>\n&gt; Der Benutzer der Website vignettealsace.com erkennt an, dass er \u00fcber die erforderlichen F\u00e4higkeiten und Mittel verf\u00fcgt, um auf diese Website zuzugreifen und sie zu nutzen.<br \/>\n&gt; Diese Website \u201evignettealsace.com\u201c ist ausschlie\u00dfliches Eigentum von Vignette Alsace (La Vignette). Der gesamte Inhalt dieser Website unterliegt der franz\u00f6sischen und internationalen Gesetzgebung zum Urheberrecht und zum geistigen Eigentum. Alle Vervielf\u00e4ltigungsrechte vorbehalten. Jede vollst\u00e4ndige oder teilweise Vervielf\u00e4ltigung oder Darstellung dieser Website mit welchen Mitteln auch immer, ohne die ausdr\u00fcckliche Genehmigung von Vignette Alsace (La Vignette), ist verboten und stellt einen Versto\u00df dar, der gem\u00e4\u00df den Artikeln L 335-2 ff. des franz\u00f6sischen Urheberrechtsgesetzes geahndet wird.<br \/>\n<strong>&gt; Kekse<br \/>\nDiese Website verwendet Cookies. Das sind Dateien, die auf Ihrem Computer gespeichert werden und das ordnungsgem\u00e4\u00dfe Funktionieren der Website <a href=\"https:\/\/vignettealsace.com\">vignettealsace.com<\/a> erm\u00f6glichen. Unter keinen Umst\u00e4nden d\u00fcrfen Cookies von dieser Website verwendet werden Personenbezogene Daten ohne Ihre ausdr\u00fcckliche Einwilligung zu erheben. Diese Informationen werden nicht au\u00dferhalb des Unternehmens Vignette Alsace (La Vignette) weitergegeben und nicht im Rahmen unaufgeforderter Kommunikationskampagnen verwendet. Wir informieren Sie dar\u00fcber, dass Sie der Speicherung dieser Cookies widersprechen k\u00f6nnen, indem Sie Ihren Computer gem\u00e4\u00df den auf der Website www.cnil.fr aufgef\u00fchrten Bedingungen konfigurieren<\/strong><\/p>\n<p><strong>Website-Entwicklung und SEO<\/strong><\/p>\n<p>Comuniz-L\u00f6sung von Plicos SARL <a href=\"https:\/\/plicos.com\/\">plicos.com<\/a><\/p>\n<p>Website: <a href=\"https:\/\/www.webaprod.com\/\" target=\"_blank\" rel=\"noopener noreferrer\">www.webaprod.com<\/a> &#8211; <a href=\"https:\/\/ comuniz .com\/\" target=\"_blank\" rel=\"noopener noreferrer\">Comuniz.com<\/a><\/p>\n<p><strong>&gt; Pers\u00f6nliche Daten<\/strong><br \/>\nSoweit Sie auf unseren Seiten um die Angabe pers\u00f6nlicher Daten wie Name, Adresse, Telefonnummer, E-Mail, Postleitzahl etc. gebeten werden. Es gelten folgende Sonderklauseln: Wir verwenden diese Daten f\u00fcr Marketingzwecke bei Vignette Alsace (La Vignette). Ihre personenbezogenen Daten werden nur intern innerhalb von Vignette Alsace (La Vignette) \u00fcbermittelt. Personenbezogene Daten werden nicht an andere Dritte weitergegeben.<br \/>\nGem\u00e4\u00df dem Gesetz \u201eInformatique et Libert\u00e9s\u201c vom 6. Januar 1978, ge\u00e4ndert im Jahr 2004, haben Sie das Recht auf Zugang und Berichtigung der Sie betreffenden Informationen, das Sie aus\u00fcben k\u00f6nnen, indem Sie eine E-Mail an Direction@vignettealsace com senden<br \/>\n&gt; Diese Website verwendet Google Analytics, einen Website-Analysedienst der Google Inc. (\u201eGoogle\u201c). Google Analytics verwendet Cookies, das sind Textdateien, die auf Ihrem Computer gespeichert werden und die eine Analyse der Benutzung der Website durch Sie erm\u00f6glichen. Die durch den Cookie erzeugten Daten \u00fcber Ihre Nutzung dieser Website (einschlie\u00dflich Ihrer IP-Adresse) werden an einen Server von Google in den USA \u00fcbertragen und dort gespeichert. Google wird diese Informationen verwenden, um Ihre Nutzung der Website auszuwerten, Berichte \u00fcber die Website-Aktivit\u00e4ten f\u00fcr den Herausgeber zusammenzustellen und weitere mit der Website-Aktivit\u00e4t und der Website-Nutzung verbundene Dienstleistungen zu erbringen. Google kann diese Daten im Falle einer gesetzlichen Verpflichtung oder wenn diese Dritten diese Daten im Auftrag von Google verarbeiten, insbesondere an den Herausgeber dieser Website, an Dritte weitergeben. Google wird Ihre IP-Adresse nicht mit anderen Daten von Google zusammenf\u00fchren. Sie k\u00f6nnen die Verwendung von Cookies deaktivieren, indem Sie die entsprechenden Einstellungen in Ihrem Browser vornehmen. Eine solche Deaktivierung kann jedoch die Nutzung bestimmter Funktionen dieser Website verhindern. Durch die Nutzung dieser Website erkl\u00e4ren Sie sich ausdr\u00fccklich mit der Verarbeitung Ihrer personenbezogenen Daten durch Google unter den oben beschriebenen Bedingungen und Zwecken einverstanden.<br \/>\n<strong>Google Analytics<\/strong> =&gt; <a href=\"http:\/\/www.google.com\/analytics\/terms\/fr.html\" target=\"_blank\" rel=\"noopener noreferrer\">Nutzungsbedingungen<\/a><br \/>\n<strong>&gt; Manager und Publikationsleiter: Herr Mssais Sabri<br \/>\n<strong>&gt; Kontakt<\/strong><br \/>\nF\u00fcr jede Meldung illegaler Inhalte oder Aktivit\u00e4ten ist die Uti<\/strong><\/p>\n","protected":false},"excerpt":{"rendered":"<p>Vignette Elsass (La Vignette) \u2013 Rechtliche Hinweise vignettealsace.com ist Eigentum der Firma Vignette Alsace (La Vignette) (H\u00f4tel Munch), Hauptsitz 66 Route du Vin, 68590 Saint&#8230;<\/p>\n","protected":false},"author":1,"featured_media":0,"parent":0,"menu_order":100,"comment_status":"closed","ping_status":"closed","template":"","meta":{"_seopress_robots_primary_cat":"","_seopress_titles_title":"","_seopress_titles_desc":"","_seopress_robots_index":"yes","footnotes":""},"class_list":["post-5843","page","type-page","status-publish","hentry"],"_links":{"self":[{"href":"https:\/\/vignettealsace.com\/de\/wp-json\/wp\/v2\/pages\/5843","targetHints":{"allow":["GET"]}}],"collection":[{"href":"https:\/\/vignettealsace.com\/de\/wp-json\/wp\/v2\/pages"}],"about":[{"href":"https:\/\/vignettealsace.com\/de\/wp-json\/wp\/v2\/types\/page"}],"author":[{"embeddable":true,"href":"https:\/\/vignettealsace.com\/de\/wp-json\/wp\/v2\/users\/1"}],"replies":[{"embeddable":true,"href":"https:\/\/vignettealsace.com\/de\/wp-json\/wp\/v2\/comments?post=5843"}],"version-history":[{"count":2,"href":"https:\/\/vignettealsace.com\/de\/wp-json\/wp\/v2\/pages\/5843\/revisions"}],"predecessor-version":[{"id":5846,"href":"https:\/\/vignettealsace.com\/de\/wp-json\/wp\/v2\/pages\/5843\/revisions\/5846"}],"wp:attachment":[{"href":"https:\/\/vignettealsace.com\/de\/wp-json\/wp\/v2\/media?parent=5843"}],"curies":[{"name":"wp","href":"https:\/\/api.w.org\/{rel}","templated":true}]}}