{"id":5301,"date":"2024-04-19T16:02:17","date_gmt":"2024-04-19T14:02:17","guid":{"rendered":"https:\/\/vignettealsace.com\/product\/decouverte-alsacienne-2-nuits\/"},"modified":"2025-12-28T20:41:02","modified_gmt":"2025-12-28T19:41:02","slug":"2-naechte","status":"publish","type":"product","link":"https:\/\/vignettealsace.com\/de\/produit\/2-naechte\/","title":{"rendered":"Els\u00e4ssische Entdeckung\/ 2 N\u00e4chte"},"content":{"rendered":"","protected":false},"excerpt":{"rendered":"<p>\u2022 2 N\u00e4chte in einem Doppelzimmer<br \/>\n\u2022 2 Fr\u00fchst\u00fccksbuffets mit Cr\u00e9mant d\u00b4Alsace<br \/>\n\u2022 2 Halbpension Abendessen* (4-G\u00e4nge-Men\u00fc ohne Getr\u00e4nke)<br \/>\n\u2022 1 Weinverkostung<br \/>\n\u2022 1 Willkommensgetr\u00e4nk<\/p>\n","protected":false},"featured_media":6524,"template":"","meta":{"_seopress_robots_primary_cat":"none","_seopress_titles_title":"Hotel befindet sich an der els\u00e4ssischen Weinstra\u00dfe","_seopress_titles_desc":"Entdecken Sie mit dem Auto diese wundersch\u00f6ne Region und buchen Sie g\u00fcnstig , Hotel befindet sich an der els\u00e4ssischen Weinstra\u00dfe .","_seopress_robots_index":""},"etheme_brands":[],"product_brand":[],"product_cat":[37],"product_tag":[],"class_list":{"0":"post-5301","1":"product","2":"type-product","3":"status-publish","4":"has-post-thumbnail","6":"product_cat-sonderangebote","8":"first","9":"instock","10":"virtual","11":"sold-individually","12":"purchasable","13":"product-type-simple"},"_links":{"self":[{"href":"https:\/\/vignettealsace.com\/de\/wp-json\/wp\/v2\/product\/5301","targetHints":{"allow":["GET"]}}],"collection":[{"href":"https:\/\/vignettealsace.com\/de\/wp-json\/wp\/v2\/product"}],"about":[{"href":"https:\/\/vignettealsace.com\/de\/wp-json\/wp\/v2\/types\/product"}],"wp:featuredmedia":[{"embeddable":true,"href":"https:\/\/vignettealsace.com\/de\/wp-json\/wp\/v2\/media\/6524"}],"wp:attachment":[{"href":"https:\/\/vignettealsace.com\/de\/wp-json\/wp\/v2\/media?parent=5301"}],"wp:term":[{"taxonomy":"brand","embeddable":true,"href":"https:\/\/vignettealsace.com\/de\/wp-json\/wp\/v2\/etheme_brands?post=5301"},{"taxonomy":"product_brand","embeddable":true,"href":"https:\/\/vignettealsace.com\/de\/wp-json\/wp\/v2\/product_brand?post=5301"},{"taxonomy":"product_cat","embeddable":true,"href":"https:\/\/vignettealsace.com\/de\/wp-json\/wp\/v2\/product_cat?post=5301"},{"taxonomy":"product_tag","embeddable":true,"href":"https:\/\/vignettealsace.com\/de\/wp-json\/wp\/v2\/product_tag?post=5301"}],"curies":[{"name":"wp","href":"https:\/\/api.w.org\/{rel}","templated":true}]}}