{"id":5410,"date":"2024-04-20T20:36:51","date_gmt":"2024-04-20T18:36:51","guid":{"rendered":"https:\/\/vignettealsace.com\/product\/chambre-simple\/"},"modified":"2024-10-15T02:03:29","modified_gmt":"2024-10-15T00:03:29","slug":"einzelzimmer","status":"publish","type":"product","link":"https:\/\/vignettealsace.com\/de\/produit\/einzelzimmer\/","title":{"rendered":"Einzelzimmer"},"content":{"rendered":"<p>Unsere Standardzimmer sind sowohl farbenfroh als auch komfortabel und verf\u00fcgen \u00fcber ein Einzelbett sowie ein eigenes Bad mit Dusche. Mit einer Fl\u00e4che von etwa 12 m\u00b2 sind sie ideal f\u00fcr Ihren Aufenthalt in Elsass.<\/p>\n<p><strong>Ausstattung:<\/strong> Kostenloses WLAN, Flachbildfernseher, Haartrockner, Safe, Telefon, Verdunkelungsrolll\u00e4den oder -vorh\u00e4nge, Weckservice auf Anfrage und\u00a0Pflegeprodukte.<\/p>\n","protected":false},"excerpt":{"rendered":"<p><img decoding=\"async\" class=\"alignnone wp-image-5375\" src=\"https:\/\/vignettealsace.com\/wp-content\/uploads\/2024\/04\/sleeping-1.png\" alt=\"\" width=\"19\" height=\"19\" srcset=\"https:\/\/vignettealsace.com\/wp-content\/uploads\/2024\/04\/sleeping-1.png 16w, https:\/\/vignettealsace.com\/wp-content\/uploads\/2024\/04\/sleeping-1-1x1.png 1w, https:\/\/vignettealsace.com\/wp-content\/uploads\/2024\/04\/sleeping-1-10x10.png 10w\" sizes=\"(max-width: 19px) 100vw, 19px\" \/>\u00a0 1 x Einzelbett(en)<\/p>\n<p><img decoding=\"async\" class=\"alignnone wp-image-5371\" src=\"https:\/\/vignettealsace.com\/wp-content\/uploads\/2024\/04\/user.png\" alt=\"\" width=\"16\" height=\"16\" srcset=\"https:\/\/vignettealsace.com\/wp-content\/uploads\/2024\/04\/user.png 24w, https:\/\/vignettealsace.com\/wp-content\/uploads\/2024\/04\/user-1x1.png 1w, https:\/\/vignettealsace.com\/wp-content\/uploads\/2024\/04\/user-10x10.png 10w\" sizes=\"(max-width: 16px) 100vw, 16px\" \/>\u00a0 Maximal 1 Personen\u00a0 <img decoding=\"async\" class=\"alignnone wp-image-5378\" src=\"https:\/\/vignettealsace.com\/wp-content\/uploads\/2024\/04\/width.png\" alt=\"\" width=\"22\" height=\"22\" srcset=\"https:\/\/vignettealsace.com\/wp-content\/uploads\/2024\/04\/width.png 24w, https:\/\/vignettealsace.com\/wp-content\/uploads\/2024\/04\/width-1x1.png 1w, https:\/\/vignettealsace.com\/wp-content\/uploads\/2024\/04\/width-10x10.png 10w\" sizes=\"(max-width: 22px) 100vw, 22px\" \/>12 m\u00b2<\/p>\n<p><img decoding=\"async\" class=\"alignnone wp-image-5381\" src=\"https:\/\/vignettealsace.com\/wp-content\/uploads\/2024\/04\/coffee.png\" alt=\"\" width=\"22\" height=\"22\" srcset=\"https:\/\/vignettealsace.com\/wp-content\/uploads\/2024\/04\/coffee.png 24w, https:\/\/vignettealsace.com\/wp-content\/uploads\/2024\/04\/coffee-1x1.png 1w, https:\/\/vignettealsace.com\/wp-content\/uploads\/2024\/04\/coffee-10x10.png 10w\" sizes=\"(max-width: 22px) 100vw, 22px\" \/> Fr\u00fchst\u00fcck nicht inbegriffen<\/p>\n<p><img decoding=\"async\" class=\"alignnone wp-image-5384\" src=\"https:\/\/vignettealsace.com\/wp-content\/uploads\/2024\/04\/wifi-signal.png\" alt=\"\" width=\"16\" height=\"16\" srcset=\"https:\/\/vignettealsace.com\/wp-content\/uploads\/2024\/04\/wifi-signal.png 24w, https:\/\/vignettealsace.com\/wp-content\/uploads\/2024\/04\/wifi-signal-1x1.png 1w, https:\/\/vignettealsace.com\/wp-content\/uploads\/2024\/04\/wifi-signal-10x10.png 10w\" sizes=\"(max-width: 16px) 100vw, 16px\" \/> Gratis Wifi<\/p>\n","protected":false},"featured_media":5977,"template":"","meta":{"_seopress_robots_primary_cat":"none","_seopress_titles_title":"","_seopress_titles_desc":"","_seopress_robots_index":""},"etheme_brands":[],"product_brand":[],"product_cat":[43],"product_tag":[],"class_list":{"0":"post-5410","1":"product","2":"type-product","3":"status-publish","4":"has-post-thumbnail","6":"product_cat-zimmer","8":"first","9":"instock","10":"shipping-taxable","11":"product-type-external"},"_links":{"self":[{"href":"https:\/\/vignettealsace.com\/de\/wp-json\/wp\/v2\/product\/5410","targetHints":{"allow":["GET"]}}],"collection":[{"href":"https:\/\/vignettealsace.com\/de\/wp-json\/wp\/v2\/product"}],"about":[{"href":"https:\/\/vignettealsace.com\/de\/wp-json\/wp\/v2\/types\/product"}],"wp:featuredmedia":[{"embeddable":true,"href":"https:\/\/vignettealsace.com\/de\/wp-json\/wp\/v2\/media\/5977"}],"wp:attachment":[{"href":"https:\/\/vignettealsace.com\/de\/wp-json\/wp\/v2\/media?parent=5410"}],"wp:term":[{"taxonomy":"brand","embeddable":true,"href":"https:\/\/vignettealsace.com\/de\/wp-json\/wp\/v2\/etheme_brands?post=5410"},{"taxonomy":"product_brand","embeddable":true,"href":"https:\/\/vignettealsace.com\/de\/wp-json\/wp\/v2\/product_brand?post=5410"},{"taxonomy":"product_cat","embeddable":true,"href":"https:\/\/vignettealsace.com\/de\/wp-json\/wp\/v2\/product_cat?post=5410"},{"taxonomy":"product_tag","embeddable":true,"href":"https:\/\/vignettealsace.com\/de\/wp-json\/wp\/v2\/product_tag?post=5410"}],"curies":[{"name":"wp","href":"https:\/\/api.w.org\/{rel}","templated":true}]}}