{"id":6366,"date":"2025-01-13T14:31:30","date_gmt":"2025-01-13T13:31:30","guid":{"rendered":"https:\/\/vignettealsace.com\/produit\/forfait-soiree-etape\/"},"modified":"2026-01-10T09:39:39","modified_gmt":"2026-01-10T08:39:39","slug":"forfait-soiree-etape","status":"publish","type":"product","link":"https:\/\/vignettealsace.com\/de\/produit\/forfait-soiree-etape\/","title":{"rendered":"Abendschritt-paket"},"content":{"rendered":"","protected":false},"excerpt":{"rendered":"<p>** Dieses Angebot gilt f\u00fcr alle Personen auf Gesch\u00e4ftsreise.<\/p>\n<p>\u2713 Unterkunft<br \/>\n\u2713 Abendessen (4-G\u00e4nge-Men\u00fc ohne Getr\u00e4nke)<br \/>\n\u2713 Fr\u00fchst\u00fccksbuffet und Cr\u00e9mant d&#8217;Alsace<br \/>\n<strong><span style=\"color: red;\"><span style=\"color: #991e4b;\">Preis: 95\u20ac \/ Person<\/span><\/span><\/strong><strong><span style=\"color: red;\"><br \/>\n<\/span><\/strong><\/p>\n","protected":false},"featured_media":6364,"template":"","meta":{"_seopress_robots_primary_cat":"none","_seopress_titles_title":"Abendschritt-paket - Hotel Vignette Alsace","_seopress_titles_desc":"Abendschritt-paket - Hotel Vignette Alsace \u2713 H\u00e9bergement \u2713 D\u00eener du soir (menu 4 plats hors boissons) \u2713 Petits d\u00e9jeuners buffet \u00e0 volont\u00e9 et au cr\u00e9mant d\u2019Alsace","_seopress_robots_index":""},"etheme_brands":[],"product_brand":[],"product_cat":[37],"product_tag":[],"class_list":{"0":"post-6366","1":"product","2":"type-product","3":"status-publish","4":"has-post-thumbnail","6":"product_cat-sonderangebote","8":"first","9":"instock","10":"shipping-taxable","11":"purchasable","12":"product-type-simple"},"_links":{"self":[{"href":"https:\/\/vignettealsace.com\/de\/wp-json\/wp\/v2\/product\/6366","targetHints":{"allow":["GET"]}}],"collection":[{"href":"https:\/\/vignettealsace.com\/de\/wp-json\/wp\/v2\/product"}],"about":[{"href":"https:\/\/vignettealsace.com\/de\/wp-json\/wp\/v2\/types\/product"}],"wp:featuredmedia":[{"embeddable":true,"href":"https:\/\/vignettealsace.com\/de\/wp-json\/wp\/v2\/media\/6364"}],"wp:attachment":[{"href":"https:\/\/vignettealsace.com\/de\/wp-json\/wp\/v2\/media?parent=6366"}],"wp:term":[{"taxonomy":"brand","embeddable":true,"href":"https:\/\/vignettealsace.com\/de\/wp-json\/wp\/v2\/etheme_brands?post=6366"},{"taxonomy":"product_brand","embeddable":true,"href":"https:\/\/vignettealsace.com\/de\/wp-json\/wp\/v2\/product_brand?post=6366"},{"taxonomy":"product_cat","embeddable":true,"href":"https:\/\/vignettealsace.com\/de\/wp-json\/wp\/v2\/product_cat?post=6366"},{"taxonomy":"product_tag","embeddable":true,"href":"https:\/\/vignettealsace.com\/de\/wp-json\/wp\/v2\/product_tag?post=6366"}],"curies":[{"name":"wp","href":"https:\/\/api.w.org\/{rel}","templated":true}]}}